{"id":1616,"date":"2021-08-19T09:50:14","date_gmt":"2021-08-19T09:50:14","guid":{"rendered":"https:\/\/nadalbeltran.com\/politica-de-privacidad"},"modified":"2021-08-19T14:50:21","modified_gmt":"2021-08-19T14:50:21","slug":"politica-de-privacidad","status":"publish","type":"page","link":"https:\/\/nadalbeltran.com\/ca\/politica-de-privacidad","title":{"rendered":"Pol\u00edtica de privacidad"},"content":{"rendered":"\t\t<div data-elementor-type=\"wp-page\" data-elementor-id=\"1616\" class=\"elementor elementor-1616 elementor-3\">\n\t\t\t\t\t\t<section class=\"elementor-section elementor-top-section elementor-element elementor-element-7bf4421d elementor-section-boxed elementor-section-height-default elementor-section-height-default\" data-id=\"7bf4421d\" data-element_type=\"section\">\n\t\t\t\t\t\t<div class=\"elementor-container elementor-column-gap-default\">\n\t\t\t\t\t<div class=\"elementor-column elementor-col-100 elementor-top-column elementor-element elementor-element-5aa7467d\" data-id=\"5aa7467d\" data-element_type=\"column\">\n\t\t\t<div class=\"elementor-widget-wrap elementor-element-populated\">\n\t\t\t\t\t\t<div class=\"elementor-element elementor-element-abb7148 elementor-widget elementor-widget-heading\" data-id=\"abb7148\" data-element_type=\"widget\" data-widget_type=\"heading.default\">\n\t\t\t\t<div class=\"elementor-widget-container\">\n\t\t\t\t\t<h1 class=\"elementor-heading-title elementor-size-default\">Pol\u00edtica de privacidad<\/h1>\t\t\t\t<\/div>\n\t\t\t\t<\/div>\n\t\t\t\t<div class=\"elementor-element elementor-element-1d25712b elementor-widget elementor-widget-text-editor\" data-id=\"1d25712b\" data-element_type=\"widget\" data-widget_type=\"text-editor.default\">\n\t\t\t\t<div class=\"elementor-widget-container\">\n\t\t\t\t\t\t\t\t\t<p><\/p>\n<p class=\"p1\"><span class=\"s1\"><a href=\"https:\/\/nadalbeltran.com\/politica-de-privacidad?lang=ca#1\"><b><br \/><\/b><span class=\"s2\"><b>1.\u00a0IDENTIFICACI\u00d3N Y DATOS DE CONTACTO DEL RESPONSABLE<\/b><\/span><\/a><\/span><\/p>\n<p class=\"p1\"><span class=\"s2\"><a href=\"https:\/\/nadalbeltran.com\/politica-de-privacidad?lang=ca#2\"><b>2.\u00a0INFORMACI\u00d3N NECESARIA Y ACTUALIZADA<\/b><\/a><\/span><\/p>\n<p class=\"p1\"><span class=\"s2\"><a href=\"#3\"><b>3.\u00a0INFORMACI\u00d3N GENERAL: DESCRIPCI\u00d3N DE LA INFORMACI\u00d3N CONTENIDA EN LA POL\u00cdTICA DE PRIVACIDAD<\/b><\/a><\/span><\/p>\n<p class=\"p1\"><span class=\"s2\"><a href=\"https:\/\/nadalbeltran.com\/politica-de-privacidad?lang=ca#4\"><b>4.\u00a0INFORMACI\u00d3N DETALLADA DE LOS TRATAMIENTOS REALIZADOS POR LA SOCIEDAD<\/b><\/a><\/span><\/p>\n<p class=\"p1\"><span class=\"s2\"><a href=\"https:\/\/nadalbeltran.com\/politica-de-privacidad?lang=ca#5\"><b>5.\u00a0EJERCICIO DE SUS DERECHOS<\/b><\/a><\/span><\/p>\n<p class=\"p1\"><span class=\"s2\"><a href=\"https:\/\/nadalbeltran.com\/politica-de-privacidad?lang=ca#6\"><b>6.\u00a0COOKIES<\/b><\/a><\/span><\/p>\n<p id=\"1\" class=\"p1\"><span class=\"s2\"><a href=\"https:\/\/nadalbeltran.com\/politica-de-privacidad?lang=ca#7\"><b>7.\u00a0MEDIDAS DE SEGURIDAD<\/b><\/a><\/span><\/p>\n<p class=\"p1\"><span class=\"s2\"><a href=\"https:\/\/nadalbeltran.com\/politica-de-privacidad?lang=ca#8\"><b>8.\u00a0MENORES<\/b><\/a><\/span><\/p>\n<p class=\"p2\"><span class=\"s1\">\u00a0<\/span><\/p>\n<p id=\"2\" class=\"p3\"><span class=\"s1\"><b>1. IDENTIFICACI\u00d3N Y DATOS DE CONTACTO DEL RESPONSABLE<\/b><\/span><\/p>\n<p class=\"p4\"><span class=\"s1\">Nadal Beltran ESPJ entidad domiciliada en la Calle Pere Dezcallar i Net 13, 3\u00ba 1\u00ba, 07003 Palma, con CIF ESE42744466, y tel\u00e9fono 871 55 18 67 (en adelante, \u201c<b>Nadal Beltran<\/b>\u201d) es la responsable del tratamiento de sus datos personales. En la presente pol\u00edtica de privacidad se facilita la informaci\u00f3n sobre el uso que realizar\u00e1 la Sociedad de sus datos personales en su condici\u00f3n de usuario de la web (la &#8220;<b>Web<\/b>&#8220;).<\/span><\/p>\n<p class=\"p2\"><span class=\"s1\">La presente Pol\u00edtica de Privacidad tiene por objeto facilitar informaci\u00f3n sobre los derechos que le asisten en virtud del Reglamento General de Protecci\u00f3n de Datos (\u201c<b>RGPD<\/b>\u201d). Si tiene cualquier duda relativa al tratamiento de sus datos personales, contacte con la Sociedad en la siguiente direcci\u00f3n: rgpd@nadalbeltran.com.<\/span><\/p>\n<p id=\"3\" class=\"p3\"><span class=\"s1\"><b>2. INFORMACI\u00d3N NECESARIA Y ACTUALIZADA<\/b><\/span><\/p>\n<p class=\"p5\"><span class=\"s1\">Todos los campos que aparezcan se\u00f1alados con un asterisco (*) en los formularios de la Web ser\u00e1n de obligada cumplimentaci\u00f3n, de tal modo que la omisi\u00f3n de alguno de ellos podr\u00eda comportar la imposibilidad de que se le puedan facilitar los servicios o informaci\u00f3n solicitados.<\/span><\/p>\n<p class=\"p4\"><span class=\"s1\">Deber\u00e1 proporcionar informaci\u00f3n ver\u00eddica, para que la informaci\u00f3n facilitada est\u00e9 siempre actualizada y no contenga errores, deber\u00e1 comunicar a la Sociedad a la mayor brevedad posible, las modificaciones y rectificaciones de sus datos de car\u00e1cter personal que se vayan produciendo a trav\u00e9s de un correo electr\u00f3nico a la direcci\u00f3n: rgpd@nadalbeltran.com <\/span><\/p>\n<p class=\"p2\"><span class=\"s1\">Asimismo, al hacer \u201cclick\u201d en el bot\u00f3n \u201cAcepto\u201d (o equivalente) incorporado en los citados formularios, declara que la informaci\u00f3n y los datos que en ellos ha facilitado son exactos y veraces.<\/span><\/p>\n<p class=\"p3\"><span class=\"s1\"><b>3. INFORMACI\u00d3N GENERAL: DESCRIPCI\u00d3N DE LA INFORMACI\u00d3N CONTENIDA EN LA POL\u00cdTICA DE PRIVACIDAD<\/b><\/span><\/p>\n<p class=\"p5\"><span class=\"s1\">En la presente pol\u00edtica de privacidad encontrar\u00e1 una tabla identificando, por cada uno de los diferentes tratamientos de datos realizados por la Sociedad, la siguiente informaci\u00f3n:<\/span><\/p>\n<ol class=\"ol1\">\n<li class=\"li6\"><span class=\"s1\">Las finalidades del tratamiento de sus datos personales, esto es, el motivo por el cual la Sociedad trata sus datos personales.<\/span><\/li>\n<li class=\"li6\"><span class=\"s1\">Las bases legales que permiten el tratamiento de sus datos por parte de la Sociedad para cada una de las finalidades indicadas.<\/span><\/li>\n<li class=\"li6\"><span class=\"s1\">La posible comunicaci\u00f3n de sus datos a terceros, as\u00ed como la causa de dicha comunicaci\u00f3n. A estos efectos, le informamos de que no cedemos sus datos personales a terceros salvo que exista una obligaci\u00f3n legal. Por otra parte, podr\u00e1n tener acceso a sus datos personales los encargados del tratamiento de la Sociedad, es decir, los prestadores de servicios que tengan que acceder a sus datos personales para el desarrollo de sus funciones. Los prestadores de servicios que acceden a sus datos personales, con car\u00e1cter general, se dedican a los sectores de sistemas de informaci\u00f3n y tecnolog\u00eda. En la tabla que figura a continuaci\u00f3n se indicar\u00e1n, en su caso, aquellos otros sectores a los que se dediquen otros posibles prestadores de servicios de la Sociedad que deban acceder a sus datos personales.<\/span><\/li>\n<\/ol>\n<p class=\"p7\"><span class=\"s1\">\u00a0<\/span><\/p>\n<p class=\"p7\"><span class=\"s1\">Le informamos de que puede solicitar mayor detalle de informaci\u00f3n respecto de los destinatarios de sus datos enviando un correo electr\u00f3nico a la direcci\u00f3n <a href=\"mailto:rgpd@nadalbeltran.com\"><span class=\"s3\">rgpd@nadalbeltran.com<\/span><\/a>, indicando el tratamiento concreto sobre cuyos destinatarios querr\u00eda informaci\u00f3n.<\/span><\/p>\n<ol class=\"ol1\">\n<li id=\"4\" class=\"li8\"><span class=\"s1\">La existencia de potenciales transferencias internacionales de datos. En caso de que quisiera solicitar una copia de las cl\u00e1usulas contractuales referidas en la tabla abajo indicada, por favor, p\u00f3ngase en contacto con Nadal Beltran en el siguiente email para cursar su petici\u00f3n: <a href=\"mailto:rgpd@nadalbletran.com\"><span class=\"s3\">rgpd@nadalbletran.com<\/span><\/a><\/span><\/li>\n<\/ol>\n<ol class=\"ol1\">\n<li class=\"li10\"><span class=\"s1\">El plazo de conservaci\u00f3n de los datos que nos facilite. Asimismo, le informamos de que sus datos permanecer\u00e1n bloqueados para la atenci\u00f3n de reclamaciones judiciales, administrativas o fiscales, durante los plazos que resulten de la legislaci\u00f3n aplicable.<\/span><\/li>\n<\/ol>\n<p class=\"p3\"><span class=\"s1\"><b>4. INFORMACI\u00d3N DETALLADA DE LOS TRATAMIENTOS REALIZADOS POR LA SOCIEDAD<\/b><\/span><\/p>\n<table class=\"t1\" cellspacing=\"0\" cellpadding=\"0\">\n<tbody>\n<tr>\n<td>\n<p><span class=\"s1\"><b>FINALIDAD DEL TRATAMIENTO<\/b><\/span><\/p>\n<\/td>\n<td>\n<p><span class=\"s1\"><b>BASE LEGAL<\/b><\/span><\/p>\n<\/td>\n<td>\n<p><span class=\"s1\"><b>DESTINATARIOS<\/b><\/span><\/p>\n<\/td>\n<td>\n<p><span class=\"s1\"><b>TRANSFERENCIAS INTERNACIONALES<\/b><\/span><\/p>\n<\/td>\n<td>\n<p><span class=\"s1\"><b>PLAZO DE CONSERVACI\u00d3N<\/b><\/span><\/p>\n<\/td>\n<\/tr>\n<tr>\n<td>\n<p><span class=\"s1\">Gestionar las consultas planteadas a trav\u00e9s del formulario de consulta<\/span><\/p>\n<\/td>\n<td>\n<p><span class=\"s1\">Inter\u00e9s leg\u00edtimo de <b>Nadal Beltran<\/b> para atender a los requerimientos de informaci\u00f3n a trav\u00e9s de la Web.<\/span><\/p>\n<\/td>\n<td>\n<p><span class=\"s1\">Sus datos pueden ser cedidos a los profesionales de <b>Nadal Beltran<\/b>, sobre la base legal del inter\u00e9s leg\u00edtimo de <b>Nadal Beltran<\/b> de atender su solicitud de informaci\u00f3n.<\/span><\/p>\n<\/td>\n<td>\n<p><span class=\"s1\">Sus datos pueden ser transferidos a profesionales de Nadal Neltran con las finalidades indicadas en la columna \u201cDestinatarios\u201d en relaci\u00f3n a profesionales localizados fuera del Espacio Econ\u00f3mico Europeo (\u201cEEE\u201d). Estas transferencias se realizar\u00edan sobre la base de la firma con dichas compa\u00f1\u00edas localizadas fuera del EEE de cl\u00e1usulas tipo de protecci\u00f3n de datos adoptadas por la Comisi\u00f3n Europea para transferencias internacionales.<\/span><\/p>\n<\/td>\n<td>\n<p><span class=\"s1\">Hasta la resoluci\u00f3n de su solicitud de informaci\u00f3n<\/span><\/p>\n<\/td>\n<\/tr>\n<tr>\n<td>\n<p><span class=\"s1\">Gesti\u00f3n del proceso de selecci\u00f3n de personal y de la relaci\u00f3n con usted como candidato a empleo.<\/span><\/p>\n<\/td>\n<td>\n<p><span class=\"s1\">Consentimiento otorgado por usted para su inclusi\u00f3n en la base de datos de candidatos a empleo en <b>Nadal Beltran<\/b>.<\/span><\/p>\n<\/td>\n<td>\n<p><span class=\"s1\">Sus datos pueden ser cedidos a los profesionales de <b>Nadal Beltran<\/b>, sobre la base legal del inter\u00e9s leg\u00edtimo de <b>Nadal Beltran<\/b>, debido a que la herramienta de CVs se utiliza para la selecci\u00f3n de personal de <b>Nadal Beltran<\/b>.<\/span><\/p>\n<\/td>\n<td>\n<p><span class=\"s1\">Sus datos pueden ser transferidos a profesionales de Nadal Neltran con las finalidades indicadas en la columna \u201cDestinatarios\u201d en relaci\u00f3n a profesionales localizados fuera del Espacio Econ\u00f3mico Europeo (\u201cEEE\u201d). Estas transferencias se realizar\u00edan sobre la base de la firma con dichas compa\u00f1\u00edas localizadas fuera del EEE de cl\u00e1usulas tipo de protecci\u00f3n de datos adoptadas por la Comisi\u00f3n Europea para transferencias internacionales<\/span><\/p>\n<\/td>\n<td>\n<p><span class=\"s1\">Sus datos permanecer\u00e1n activos en la base de datos de Nadal Beltran durante 3 a\u00f1os contados desde que usted nos facilit\u00f3 el curr\u00edculum a Nadal Beltran. Una vez se cumpla este plazo, podr\u00eda ser de aplicaci\u00f3n la obligaci\u00f3n de bloqueo impuesta por la legislaci\u00f3n.<\/span><\/p>\n<\/td>\n<\/tr>\n<tr>\n<td>\n<p><span class=\"s1\">Gestionar su suscripci\u00f3n al Blog de <b>Nadal Beltran<\/b> identificada en el formulario de registro. Gestionar su registro y comentarios que facilite en el blog.<\/span><\/p>\n<\/td>\n<td>\n<p><span class=\"s1\">Relaci\u00f3n contractual para la prestaci\u00f3n del servicio solicitado, aun cuando el mismo tenga el car\u00e1cter de gratuito.<\/span><\/p>\n<\/td>\n<td>\n<p>Las categor\u00edas de destinatarios que podr\u00e1n acceder a sus datos personales son los identificados en el\u00a0<a href=\"#3\"><span class=\"s6\">apartado 3.c<\/span><\/a>.<\/p>\n<\/td>\n<td>\n<p><span class=\"s1\">Sus datos pueden ser transferidos a los distintos profesionales de Nadal Beltran, con las finalidades indicadas en la columna \u201cDestinatarios\u201d.<\/span><\/p>\n<\/td>\n<td id=\"5\">\n<p>Durante tres a\u00f1os desde la \u00faltima interacci\u00f3n con Nadal Beltran o hasta que manifieste su voluntad de no continuar suscrito al blog (lo que suceda antes)<\/p>\n<\/td>\n<\/tr>\n<\/tbody>\n<\/table>\n<p class=\"p3\"><span class=\"s1\"><b>5. EJERCICIO DE SUS DERECHOS<\/b><\/span><\/p>\n<p class=\"p5\"><span class=\"s1\">Le informamos de que podr\u00e1 ejercer los siguientes derechos:<\/span><\/p>\n<ol class=\"ol2\">\n<li class=\"li6\"><span class=\"s1\">Derecho de acceso a sus datos personales para saber cu\u00e1les est\u00e1n siendo objeto de tratamiento y las operaciones de tratamiento llevadas a cabo con ellos;<\/span><\/li>\n<li class=\"li6\"><span class=\"s1\">Derecho de rectificaci\u00f3n de cualquier dato personal inexacto;<\/span><\/li>\n<li id=\"6\" class=\"li6\"><span class=\"s1\">Derecho de supresi\u00f3n de sus datos personales, cuando esto sea posible;<\/span><\/li>\n<li class=\"li6\"><span class=\"s1\">Derecho a solicitar la limitaci\u00f3n del tratamiento de sus datos personales cuando la exactitud, la legalidad o la necesidad del tratamiento de los datos resulte dudosa, en cuyo caso, podremos conservarlos para el ejercicio o la defensa de reclamaciones;<\/span><\/li>\n<li class=\"li6\"><span class=\"s1\">Derecho a la portabilidad de sus datos personales, cuando la base legal que nos habilite para su tratamiento de las indicadas en la tabla arriba incluida sea la relaci\u00f3n contractual o el consentimiento;<\/span><\/li>\n<li class=\"li6\"><span class=\"s1\">Derecho de oposici\u00f3n al tratamiento de sus datos personales, cuando la base legal que nos habilite para su tratamiento de las indicadas en la tabla arriba incluida sea el inter\u00e9s leg\u00edtimo. A estos efectos, dejaremos de tratar sus datos salvo que tengamos un inter\u00e9s leg\u00edtimo imperioso o para la formulaci\u00f3n, el ejercicio o la defensa de reclamaciones.<\/span><\/li>\n<li class=\"li6\"><span class=\"s1\">Derecho a revocar su consentimiento en cualquier momento.<\/span><\/li>\n<\/ol>\n<p class=\"p4\"><span class=\"s1\">Podr\u00e1 ejercitar sus derechos en cualquier momento y de forma gratuita dirigiendo un correo electr\u00f3nico a <a href=\"mailto:rgpd@nadalbeltran.com\"><span class=\"s7\">rgpd@nadalbeltran.com<\/span><\/a> indicando el derecho que desea ejercitar y sus datos identificativos.<\/span><\/p>\n<p id=\"7\" class=\"p2\"><span class=\"s1\">Si considera que no hemos tratado sus datos personales adecuadamente puede contactar <a href=\"mailto:rgpd@nadalbeltran.com\"><span class=\"s7\">rgpd@nadalbeltran.com<\/span><\/a>. No obstante, le informamos de que tiene derecho a presentar una reclamaci\u00f3n ante la Agencia Espa\u00f1ola de Protecci\u00f3n de Datos si considera que se ha cometido una infracci\u00f3n de la legislaci\u00f3n en materia de protecci\u00f3n de datos respecto al tratamiento de sus datos personales.<\/span><\/p>\n<p id=\"8\" class=\"p3\"><span class=\"s1\"><b>6. COOKIES<\/b><\/span><\/p>\n<p class=\"p2\"><span class=\"s1\"><b>Nadal Beltran<\/b> \u00fanicamente utilizar\u00e1 dispositivos de almacenamiento y recuperaci\u00f3n de datos (&#8216;Cookies&#8217;) cuando el usuario haya dado su consentimiento previo para ello de acuerdo con lo que se indica en la ventana emergente del navegador del usuario cuando accede por primera vez a la Web y en los dem\u00e1s t\u00e9rminos y condiciones que se indican en la\u00a0<a href=\"https:\/\/www.garrigues.com\/es_ES\/pagina\/politica-de-cookies-0\"><span class=\"s8\">Pol\u00edtica de Cookies<\/span><\/a>\u00a0de Nadal Beltran que todo usuario debe conocer.<\/span><\/p>\n<p class=\"p3\"><span class=\"s1\"><b>7. MEDIDAS DE SEGURIDAD<\/b><\/span><\/p>\n<p class=\"p2\"><span class=\"s1\">Garrigues adopta los niveles de seguridad requeridos por el RGPD adecuados a la naturaleza de los datos que son objeto de tratamiento en cada momento. No obstante lo anterior, la seguridad t\u00e9cnica en un medio como Internet no es inexpugnable y pueden existir actuaciones dolosas de terceros, si bien Garrigues pone todos los medios a su alcance para evitar dichas actuaciones.<\/span><\/p>\n<p class=\"p3\"><span class=\"s1\"><b>8. MENORES<\/b><\/span><\/p>\n<p class=\"p5\"><span class=\"s1\">Los menores de edad no podr\u00e1n usar los servicios disponibles a trav\u00e9s de la Web sin la previa autorizaci\u00f3n de sus padres, tutores o representantes legales, quienes ser\u00e1n los \u00fanicos responsables de todos los actos realizados a trav\u00e9s de la Web por los menores a su cargo, incluyendo la cumplimentaci\u00f3n de los formularios con los datos personales de dichos menores y la marcaci\u00f3n, en su caso, de las casillas que los acompa\u00f1an.<\/span><\/p>\n\t\t\t\t\t\t\t\t<\/div>\n\t\t\t\t<\/div>\n\t\t\t\t\t<\/div>\n\t\t<\/div>\n\t\t\t\t\t<\/div>\n\t\t<\/section>\n\t\t\t\t<\/div>\n\t\t","protected":false},"excerpt":{"rendered":"<p>Pol\u00edtica de privacidad 1.\u00a0IDENTIFICACI\u00d3N Y DATOS DE CONTACTO DEL RESPONSABLE 2.\u00a0INFORMACI\u00d3N NECESARIA Y ACTUALIZADA 3.\u00a0INFORMACI\u00d3N GENERAL: DESCRIPCI\u00d3N DE LA INFORMACI\u00d3N CONTENIDA EN LA POL\u00cdTICA DE PRIVACIDAD 4.\u00a0INFORMACI\u00d3N DETALLADA DE LOS TRATAMIENTOS REALIZADOS POR LA SOCIEDAD 5.\u00a0EJERCICIO DE SUS DERECHOS 6.\u00a0COOKIES 7.\u00a0MEDIDAS DE SEGURIDAD 8.\u00a0MENORES \u00a0 1. IDENTIFICACI\u00d3N Y DATOS DE CONTACTO DEL RESPONSABLE Nadal Beltran &#8230; <a title=\"Pol\u00edtica de privacidad\" class=\"read-more\" href=\"https:\/\/nadalbeltran.com\/ca\/politica-de-privacidad\" aria-label=\"M\u00e9s informaci\u00f3 sobre Pol\u00edtica de privacidad\">Llegiu m\u00e9s<\/a><\/p>\n","protected":false},"author":1,"featured_media":0,"parent":0,"menu_order":0,"comment_status":"closed","ping_status":"closed","template":"elementor_theme","meta":{"footnotes":""},"class_list":["post-1616","page","type-page","status-publish"],"_links":{"self":[{"href":"https:\/\/nadalbeltran.com\/ca\/wp-json\/wp\/v2\/pages\/1616","targetHints":{"allow":["GET"]}}],"collection":[{"href":"https:\/\/nadalbeltran.com\/ca\/wp-json\/wp\/v2\/pages"}],"about":[{"href":"https:\/\/nadalbeltran.com\/ca\/wp-json\/wp\/v2\/types\/page"}],"author":[{"embeddable":true,"href":"https:\/\/nadalbeltran.com\/ca\/wp-json\/wp\/v2\/users\/1"}],"replies":[{"embeddable":true,"href":"https:\/\/nadalbeltran.com\/ca\/wp-json\/wp\/v2\/comments?post=1616"}],"version-history":[{"count":5,"href":"https:\/\/nadalbeltran.com\/ca\/wp-json\/wp\/v2\/pages\/1616\/revisions"}],"predecessor-version":[{"id":1713,"href":"https:\/\/nadalbeltran.com\/ca\/wp-json\/wp\/v2\/pages\/1616\/revisions\/1713"}],"wp:attachment":[{"href":"https:\/\/nadalbeltran.com\/ca\/wp-json\/wp\/v2\/media?parent=1616"}],"curies":[{"name":"wp","href":"https:\/\/api.w.org\/{rel}","templated":true}]}}