{"id":1600,"date":"2021-08-19T08:25:17","date_gmt":"2021-08-19T08:25:17","guid":{"rendered":"https:\/\/nadalbeltran.com\/emilio-nadal"},"modified":"2021-08-19T08:25:18","modified_gmt":"2021-08-19T08:25:18","slug":"emilio-nadal","status":"publish","type":"page","link":"https:\/\/nadalbeltran.com\/ca\/emilio-nadal","title":{"rendered":"Emilio Nadal"},"content":{"rendered":"\t\t<div data-elementor-type=\"wp-page\" data-elementor-id=\"1600\" class=\"elementor elementor-1600 elementor-631\">\n\t\t\t\t\t\t<section class=\"elementor-section elementor-top-section elementor-element elementor-element-f3421e2 elementor-section-boxed elementor-section-height-default elementor-section-height-default\" data-id=\"f3421e2\" data-element_type=\"section\">\n\t\t\t\t\t\t<div class=\"elementor-container elementor-column-gap-default\">\n\t\t\t\t\t<div class=\"elementor-column elementor-col-100 elementor-top-column elementor-element elementor-element-16305501\" data-id=\"16305501\" data-element_type=\"column\">\n\t\t\t<div class=\"elementor-widget-wrap\">\n\t\t\t\t\t\t\t<\/div>\n\t\t<\/div>\n\t\t\t\t\t<\/div>\n\t\t<\/section>\n\t\t\t\t<section class=\"elementor-section elementor-top-section elementor-element elementor-element-68902ea3 elementor-section-boxed elementor-section-height-default elementor-section-height-default\" data-id=\"68902ea3\" data-element_type=\"section\">\n\t\t\t\t\t\t<div class=\"elementor-container elementor-column-gap-default\">\n\t\t\t\t\t<div class=\"elementor-column elementor-col-33 elementor-top-column elementor-element elementor-element-f75ac23\" data-id=\"f75ac23\" data-element_type=\"column\">\n\t\t\t<div class=\"elementor-widget-wrap elementor-element-populated\">\n\t\t\t\t\t\t<div class=\"elementor-element elementor-element-4e2588cd elementor-widget elementor-widget-image\" data-id=\"4e2588cd\" data-element_type=\"widget\" data-widget_type=\"image.default\">\n\t\t\t\t<div class=\"elementor-widget-container\">\n\t\t\t\t\t\t\t\t\t\t\t\t\t\t\t<img fetchpriority=\"high\" decoding=\"async\" width=\"683\" height=\"1024\" src=\"https:\/\/nadalbeltran.com\/wp-content\/uploads\/2021\/06\/emilio-perfil-683x1024.jpg\" class=\"attachment-large size-large wp-image-1581\" alt=\"\" srcset=\"https:\/\/nadalbeltran.com\/wp-content\/uploads\/2021\/06\/emilio-perfil-683x1024.jpg 683w, https:\/\/nadalbeltran.com\/wp-content\/uploads\/2021\/06\/emilio-perfil-200x300.jpg 200w, https:\/\/nadalbeltran.com\/wp-content\/uploads\/2021\/06\/emilio-perfil-768x1151.jpg 768w, https:\/\/nadalbeltran.com\/wp-content\/uploads\/2021\/06\/emilio-perfil.jpg 800w\" sizes=\"(max-width: 683px) 100vw, 683px\" \/>\t\t\t\t\t\t\t\t\t\t\t\t\t\t\t<\/div>\n\t\t\t\t<\/div>\n\t\t\t\t\t<\/div>\n\t\t<\/div>\n\t\t\t\t<div class=\"elementor-column elementor-col-66 elementor-top-column elementor-element elementor-element-335e7964\" data-id=\"335e7964\" data-element_type=\"column\">\n\t\t\t<div class=\"elementor-widget-wrap elementor-element-populated\">\n\t\t\t\t\t\t<div class=\"elementor-element elementor-element-39e8d96 elementor-widget elementor-widget-heading\" data-id=\"39e8d96\" data-element_type=\"widget\" data-widget_type=\"heading.default\">\n\t\t\t\t<div class=\"elementor-widget-container\">\n\t\t\t\t\t<h2 class=\"elementor-heading-title elementor-size-default\">Emilio Nadal <span class=\"coco\">Advocat<\/span><\/h2>\t\t\t\t<\/div>\n\t\t\t\t<\/div>\n\t\t\t\t<div class=\"elementor-element elementor-element-f8b98e coco elementor-widget elementor-widget-heading\" data-id=\"f8b98e\" data-element_type=\"widget\" data-widget_type=\"heading.default\">\n\t\t\t\t<div class=\"elementor-widget-container\">\n\t\t\t\t\t<h1 class=\"elementor-heading-title elementor-size-default\">Soci<\/h1>\t\t\t\t<\/div>\n\t\t\t\t<\/div>\n\t\t\t\t<div class=\"elementor-element elementor-element-04dca9d elementor-icon-list--layout-inline elementor-align-center elementor-list-item-link-full_width elementor-widget elementor-widget-icon-list\" data-id=\"04dca9d\" data-element_type=\"widget\" data-widget_type=\"icon-list.default\">\n\t\t\t\t<div class=\"elementor-widget-container\">\n\t\t\t\t\t\t\t<ul class=\"elementor-icon-list-items elementor-inline-items\">\n\t\t\t\t\t\t\t<li class=\"elementor-icon-list-item elementor-inline-item\">\n\t\t\t\t\t\t\t\t\t\t\t<span class=\"elementor-icon-list-icon\">\n\t\t\t\t\t\t\t<i aria-hidden=\"true\" class=\"fas fa-phone-alt\"><\/i>\t\t\t\t\t\t<\/span>\n\t\t\t\t\t\t\t\t\t\t<span class=\"elementor-icon-list-text\">+34 871 55 18 67 Ext 402<\/span>\n\t\t\t\t\t\t\t\t\t<\/li>\n\t\t\t\t\t\t\t\t<li class=\"elementor-icon-list-item elementor-inline-item\">\n\t\t\t\t\t\t\t\t\t\t\t<span class=\"elementor-icon-list-icon\">\n\t\t\t\t\t\t\t<i aria-hidden=\"true\" class=\"fas fa-envelope\"><\/i>\t\t\t\t\t\t<\/span>\n\t\t\t\t\t\t\t\t\t\t<span class=\"elementor-icon-list-text\">emilio@nadalbeltran.com<\/span>\n\t\t\t\t\t\t\t\t\t<\/li>\n\t\t\t\t\t\t<\/ul>\n\t\t\t\t\t\t<\/div>\n\t\t\t\t<\/div>\n\t\t\t\t<div class=\"elementor-element elementor-element-1bba48bc elementor-widget elementor-widget-text-editor\" data-id=\"1bba48bc\" data-element_type=\"widget\" data-widget_type=\"text-editor.default\">\n\t\t\t\t<div class=\"elementor-widget-container\">\n\t\t\t\t\t\t\t\t\t<p class=\"p1\"><span class=\"s1\">Emilio ha passat per tres enriquidores experi\u00e8ncies professionals, cada una de les quals l\u2019ha format en el que avui \u00e9s. Un assessor comprom\u00e8s amb l\u2019empresa i el creixement econ\u00f2mic. Ha estat empleat d\u2019EY (el que li ha donat la visi\u00f3 multidisciplinar que t\u00e9), va crear el seu primer despatx d\u2019advocats (gesti\u00f3 de negoci) i finalment va esser Director Jur\u00eddic-Fiscal d\u2019una cadena hotelera (el que li ha aportat convertir-se en un especialista en planificaci\u00f3 internacional)<\/span>.<\/p>\n<p class=\"p1\"><span class=\"s1\">De n\u2019Emilio podem destacar la seva implicaci\u00f3 amb els assumptes que maneja, fent-los seus donat que \u00e9s un ferma defensor del tracte personalitzat al client<\/span>.<\/p>\n<p class=\"p1\"><span class=\"s1\">N\u2019Emilio \u00e9s Llicenciat en Dret per La universitat de Barcelona (1998) i M\u00e0ster en Dret d\u2019Empreses per la universitat de Navarra obtenint la menci\u00f3 cum-laude a la promoci\u00f3 de 1998-1999<\/span>.<\/p>\n<p class=\"p1\"><span class=\"s1\">La seva orientaci\u00f3 professional est\u00e0 centrada m\u00e9s en l\u2019assessorament internacional, sense oblidar-se d\u2019altres aspectes del dret nacional que pugui requerir una empresa<\/span>.<\/p>\n\t\t\t\t\t\t\t\t<\/div>\n\t\t\t\t<\/div>\n\t\t\t\t\t<\/div>\n\t\t<\/div>\n\t\t\t\t\t<\/div>\n\t\t<\/section>\n\t\t\t\t<section class=\"elementor-section elementor-top-section elementor-element elementor-element-27429a3 elementor-section-stretched elementor-section-boxed elementor-section-height-default elementor-section-height-default\" data-id=\"27429a3\" data-element_type=\"section\" data-settings=\"{&quot;stretch_section&quot;:&quot;section-stretched&quot;,&quot;background_background&quot;:&quot;classic&quot;}\">\n\t\t\t\t\t\t\t<div class=\"elementor-background-overlay\"><\/div>\n\t\t\t\t\t\t\t<div class=\"elementor-container elementor-column-gap-default\">\n\t\t\t\t\t<div class=\"elementor-column elementor-col-100 elementor-top-column elementor-element elementor-element-7c6e9289\" data-id=\"7c6e9289\" data-element_type=\"column\">\n\t\t\t<div class=\"elementor-widget-wrap elementor-element-populated\">\n\t\t\t\t\t\t<div class=\"elementor-element elementor-element-535f60d7 elementor-widget elementor-widget-heading\" data-id=\"535f60d7\" data-element_type=\"widget\" data-widget_type=\"heading.default\">\n\t\t\t\t<div class=\"elementor-widget-container\">\n\t\t\t\t\t<h2 class=\"elementor-heading-title elementor-size-default\">Tot l'equip<\/h2>\t\t\t\t<\/div>\n\t\t\t\t<\/div>\n\t\t\t\t<section class=\"elementor-section elementor-inner-section elementor-element elementor-element-6d63c409 elementor-section-boxed elementor-section-height-default elementor-section-height-default\" data-id=\"6d63c409\" data-element_type=\"section\">\n\t\t\t\t\t\t<div class=\"elementor-container elementor-column-gap-default\">\n\t\t\t\t\t<div class=\"elementor-column elementor-col-25 elementor-inner-column elementor-element elementor-element-e69d187\" data-id=\"e69d187\" data-element_type=\"column\">\n\t\t\t<div class=\"elementor-widget-wrap elementor-element-populated\">\n\t\t\t\t\t\t<div class=\"elementor-element elementor-element-321366d4 equipo-home elementor-widget elementor-widget-call-to-action\" data-id=\"321366d4\" data-element_type=\"widget\" data-widget_type=\"call-to-action.default\">\n\t\t\t\t<div class=\"elementor-widget-container\">\n\t\t\t\t\t \t\t\t\t<\/div>\n\t\t\t\t<\/div>\n\t\t\t\t\t<\/div>\n\t\t<\/div>\n\t\t\t\t<div class=\"elementor-column elementor-col-25 elementor-inner-column elementor-element elementor-element-70f7bea1\" data-id=\"70f7bea1\" data-element_type=\"column\">\n\t\t\t<div class=\"elementor-widget-wrap elementor-element-populated\">\n\t\t\t\t\t\t<div class=\"elementor-element elementor-element-4f1a5930 elementor-widget elementor-widget-call-to-action\" data-id=\"4f1a5930\" data-element_type=\"widget\" data-widget_type=\"call-to-action.default\">\n\t\t\t\t<div class=\"elementor-widget-container\">\n\t\t\t\t\t \t\t\t\t<\/div>\n\t\t\t\t<\/div>\n\t\t\t\t\t<\/div>\n\t\t<\/div>\n\t\t\t\t<div class=\"elementor-column elementor-col-25 elementor-inner-column elementor-element elementor-element-61b92c36\" data-id=\"61b92c36\" data-element_type=\"column\">\n\t\t\t<div class=\"elementor-widget-wrap elementor-element-populated\">\n\t\t\t\t\t\t<div class=\"elementor-element elementor-element-397dd30f elementor-widget elementor-widget-call-to-action\" data-id=\"397dd30f\" data-element_type=\"widget\" data-widget_type=\"call-to-action.default\">\n\t\t\t\t<div class=\"elementor-widget-container\">\n\t\t\t\t\t \t\t\t\t<\/div>\n\t\t\t\t<\/div>\n\t\t\t\t\t<\/div>\n\t\t<\/div>\n\t\t\t\t<div class=\"elementor-column elementor-col-25 elementor-inner-column elementor-element elementor-element-717114bb\" data-id=\"717114bb\" data-element_type=\"column\">\n\t\t\t<div class=\"elementor-widget-wrap elementor-element-populated\">\n\t\t\t\t\t\t<div class=\"elementor-element elementor-element-f6e0d34 elementor-widget elementor-widget-call-to-action\" data-id=\"f6e0d34\" data-element_type=\"widget\" data-widget_type=\"call-to-action.default\">\n\t\t\t\t<div class=\"elementor-widget-container\">\n\t\t\t\t\t \t\t\t\t<\/div>\n\t\t\t\t<\/div>\n\t\t\t\t\t<\/div>\n\t\t<\/div>\n\t\t\t\t\t<\/div>\n\t\t<\/section>\n\t\t\t\t\t<\/div>\n\t\t<\/div>\n\t\t\t\t\t<\/div>\n\t\t<\/section>\n\t\t\t\t<\/div>\n\t\t","protected":false},"excerpt":{"rendered":"<p>Emilio Nadal Advocat Soci +34 871 55 18 67 Ext 402 emilio@nadalbeltran.com Emilio ha passat per tres enriquidores experi\u00e8ncies professionals, cada una de les quals l\u2019ha format en el que avui \u00e9s. Un assessor comprom\u00e8s amb l\u2019empresa i el creixement econ\u00f2mic. Ha estat empleat d\u2019EY (el que li ha donat la visi\u00f3 multidisciplinar que t\u00e9), &#8230; <a title=\"Emilio Nadal\" class=\"read-more\" href=\"https:\/\/nadalbeltran.com\/ca\/emilio-nadal\" aria-label=\"M\u00e9s informaci\u00f3 sobre Emilio Nadal\">Llegiu m\u00e9s<\/a><\/p>\n","protected":false},"author":1,"featured_media":0,"parent":0,"menu_order":0,"comment_status":"closed","ping_status":"closed","template":"","meta":{"footnotes":""},"class_list":["post-1600","page","type-page","status-publish"],"_links":{"self":[{"href":"https:\/\/nadalbeltran.com\/ca\/wp-json\/wp\/v2\/pages\/1600","targetHints":{"allow":["GET"]}}],"collection":[{"href":"https:\/\/nadalbeltran.com\/ca\/wp-json\/wp\/v2\/pages"}],"about":[{"href":"https:\/\/nadalbeltran.com\/ca\/wp-json\/wp\/v2\/types\/page"}],"author":[{"embeddable":true,"href":"https:\/\/nadalbeltran.com\/ca\/wp-json\/wp\/v2\/users\/1"}],"replies":[{"embeddable":true,"href":"https:\/\/nadalbeltran.com\/ca\/wp-json\/wp\/v2\/comments?post=1600"}],"version-history":[{"count":1,"href":"https:\/\/nadalbeltran.com\/ca\/wp-json\/wp\/v2\/pages\/1600\/revisions"}],"predecessor-version":[{"id":1601,"href":"https:\/\/nadalbeltran.com\/ca\/wp-json\/wp\/v2\/pages\/1600\/revisions\/1601"}],"wp:attachment":[{"href":"https:\/\/nadalbeltran.com\/ca\/wp-json\/wp\/v2\/media?parent=1600"}],"curies":[{"name":"wp","href":"https:\/\/api.w.org\/{rel}","templated":true}]}}